{"id":12,"date":"2013-10-30T18:17:31","date_gmt":"2013-10-30T18:17:31","guid":{"rendered":"http:\/\/www.eestikoor.eu\/wordpress.public\/?page_id=12"},"modified":"2024-07-18T18:16:43","modified_gmt":"2024-07-18T16:16:43","slug":"koor","status":"publish","type":"page","link":"https:\/\/eestikoor.eu\/wordpress.public\/koor","title":{"rendered":"Koori tutvustus"},"content":{"rendered":"<p><a name=\"et\"><\/a><a href=\"#en\">In English<\/a><\/p>\n<p><a href=\"http:\/\/www.eestikoor.eu\/wordpress.public\/wp-content\/uploads\/2013\/11\/koor_2013_oktoober.jpg\"><img loading=\"lazy\" decoding=\"async\" class=\"alignnone size-large wp-image-111\" src=\"http:\/\/www.eestikoor.eu\/wordpress.public\/wp-content\/uploads\/2013\/11\/koor_2013_oktoober-1024x562.jpg\" alt=\"koor_2013_oktoober\" width=\"604\" height=\"331\" srcset=\"https:\/\/eestikoor.eu\/wordpress.public\/wp-content\/uploads\/2013\/11\/koor_2013_oktoober-1024x562.jpg 1024w, https:\/\/eestikoor.eu\/wordpress.public\/wp-content\/uploads\/2013\/11\/koor_2013_oktoober-300x164.jpg 300w\" sizes=\"auto, (max-width: 604px) 100vw, 604px\" \/><\/a><\/p>\n<p>Euroopa Eestlaste Koori eelk\u00e4ijaks 2003. aastal asutatud Saksamaa eestlaste segakoor &#8211;\u00a0<a href=\"http:\/\/www.eestikoor.de\" target=\"_blank\" rel=\"noopener noreferrer\">E\u00dcSLi projektikoor<\/a>, kes p\u00e4rast edukat osalemist 2004. aasta \u00fcldlaulupeol kutsus Euroopa eestlasi \u00fcleeuroopaliseks kollektiiviks \u00fchinema.<\/p>\n<p><strong>Euroopa Eestlaste Koor<\/strong>\u00a0asutati 2007. aasta juulikuus Sangastes.<\/p>\n<p>Koori <b>eesm\u00e4rkideks<\/b>\u00a0on:<\/p>\n<ul>\n<li>\u00fchendada v\u00e4ljaspool Eestit elavaid eestlasi \u00fchiste huvide ja \u00fchise tegevuse kaudu<\/li>\n<li>pakkuda eestlastele v\u00f5imalust \u00fchise koorina osa v\u00f5tta erinevatest v\u00e4liseesti kultuurip\u00e4evadest (sh ESTO \u00fcritustest) ning Eestis toimuvatest laulupidudest<\/li>\n<li>tutvustada Eesti laulukultuuri asukohamaades<\/li>\n<li>tutvustada v\u00e4ljaspool Eestit elavate eestlaste tegemisi Eestis<\/li>\n<\/ul>\n<p><a href=\"http:\/\/www.eestikoor.eu\/wordpress.public\/wp-content\/uploads\/2013\/11\/laager_640_vanem.jpg\"><img loading=\"lazy\" decoding=\"async\" class=\"size-medium wp-image-121 alignright\" src=\"http:\/\/www.eestikoor.eu\/wordpress.public\/wp-content\/uploads\/2013\/11\/laager_640_vanem-300x199.jpg\" alt=\"laager_640_vanem\" width=\"300\" height=\"199\" srcset=\"https:\/\/eestikoor.eu\/wordpress.public\/wp-content\/uploads\/2013\/11\/laager_640_vanem-300x199.jpg 300w, https:\/\/eestikoor.eu\/wordpress.public\/wp-content\/uploads\/2013\/11\/laager_640_vanem.jpg 640w\" sizes=\"auto, (max-width: 300px) 100vw, 300px\" \/><\/a>Koor harjutab peamiselt \u00a0<b>laululaagrites<\/b>:<\/p>\n<ul>\n<li>kaks n\u00e4dalal\u00f5pulaagrit: \u00fcks jaanuarikuu viimasel n\u00e4dalavahetusel ja teine oktoobri teisel poolel, \u00fcks neist (vahel ka m\u00f5lemad)\u00a0<a href=\"http:\/\/www.haus-annaberg.de\/\" target=\"_blank\" rel=\"noopener noreferrer\">Annabergis<\/a>\u00a0Bonnis, Saksamaal<\/li>\n<li>nelja-viiep\u00e4evane laager suvel Eestis (erandiks Eesti \u00fcldlaulupidude aastad, mil eraldi pikka suvist laagrit ei toimu)<\/li>\n<li>v\u00e4iksemad kogunemised ja esinemised erinevates Euroopa riikides ning kaugemalgi<\/li>\n<\/ul>\n<p>Lauljad peavad olema valmis ka iseseisvaks t\u00f6\u00f6ks: partiide \u00f5ppimiseks kodus kas noodist v\u00f5i salvestuste abil.<\/p>\n<p><a href=\"http:\/\/www.eestikoor.eu\/wordpress.public\/wp-content\/uploads\/2013\/10\/eukoor2017lux_merged.jpg\"><img loading=\"lazy\" decoding=\"async\" class=\"alignnone size-large wp-image-933\" src=\"http:\/\/www.eestikoor.eu\/wordpress.public\/wp-content\/uploads\/2013\/10\/eukoor2017lux_merged-1024x341.jpg\" alt=\"\" width=\"604\" height=\"201\" srcset=\"https:\/\/eestikoor.eu\/wordpress.public\/wp-content\/uploads\/2013\/10\/eukoor2017lux_merged-1024x341.jpg 1024w, https:\/\/eestikoor.eu\/wordpress.public\/wp-content\/uploads\/2013\/10\/eukoor2017lux_merged-300x100.jpg 300w, https:\/\/eestikoor.eu\/wordpress.public\/wp-content\/uploads\/2013\/10\/eukoor2017lux_merged-768x256.jpg 768w\" sizes=\"auto, (max-width: 604px) 100vw, 604px\" \/><\/a><\/p>\n<p>Laagreid on lisaks Saksamaale ja Eestile korraldatud Belgias, Luksemburgis, Prantsusmaal, Inglismaal, T\u0161ehhis, Rootsis ja Kanadas.<\/p>\n<p><a href=\"http:\/\/www.eestikoor.eu\/wordpress.public\/wp-content\/uploads\/2014\/09\/eukoor_rongk\u00e4ik_2014.jpg\"><img loading=\"lazy\" decoding=\"async\" class=\"size-medium wp-image-463 alignleft\" src=\"http:\/\/www.eestikoor.eu\/wordpress.public\/wp-content\/uploads\/2014\/09\/eukoor_rongk\u00e4ik_2014-300x200.jpg\" alt=\"eukoor_rongk\u00e4ik_2014\" width=\"300\" height=\"200\" srcset=\"https:\/\/eestikoor.eu\/wordpress.public\/wp-content\/uploads\/2014\/09\/eukoor_rongk\u00e4ik_2014-300x200.jpg 300w, https:\/\/eestikoor.eu\/wordpress.public\/wp-content\/uploads\/2014\/09\/eukoor_rongk\u00e4ik_2014-1024x682.jpg 1024w\" sizes=\"auto, (max-width: 300px) 100vw, 300px\" \/><\/a><\/p>\n<p><strong>Koori koosseis<\/strong> on pidevalt kasvanud \u2013 esimese kuue aasta jooksul on kooris laulnud erinevates koosseisudes kokku ligi 200 inimest. XXV \u00fcldlaulupeol 2009. aastal Tallinnas osales 100 lauljat, XXVI laulupeol 2014 k\u00e4is meie koori lipu all 110\u00a0liiget, lisaks veel hulk Euroopa Eestlaste Koori lauljaid, kes osalesid teiste kooride v\u00f5i tantsuansamblite ridades.<\/p>\n<p>Lauljaid on erinevatest Euroopa riikidest: Austria, Belgia, Eesti, Hispaania, Holland, Suurbritannia (esindatud sh Inglismaa, \u0160otimaa, Wales), Luksemburg, Prantsusmaa, Rootsi, Saksamaa, Soome ja \u0160veits.<\/p>\n<p>Euroopa Eestlaste Kooril on aastatepikkused sidemed paljude teiste v\u00e4liseesti kooridega, <a href=\"http:\/\/www.eestihaal.co.uk\/est_index\" target=\"_blank\" rel=\"noopener noreferrer\">Inglismaa Eestlaste \u00dchinguga<\/a>\u00a0ja teiste rahvuskaaslaste tegevuse koordineerijatega, Eesti meediaga ning paljude teiste eestlaste organisatsioonidega \u00fcle maailma.<\/p>\n<p><img loading=\"lazy\" decoding=\"async\" class=\"alignnone size-full wp-image-58\" src=\"http:\/\/www.eestikoor.eu\/wordpress.public\/wp-content\/uploads\/2013\/10\/koor_2009_laulupidu_1024.jpg\" alt=\"koor_2009_laulupidu_1024\" width=\"1024\" height=\"335\" srcset=\"https:\/\/eestikoor.eu\/wordpress.public\/wp-content\/uploads\/2013\/10\/koor_2009_laulupidu_1024.jpg 1024w, https:\/\/eestikoor.eu\/wordpress.public\/wp-content\/uploads\/2013\/10\/koor_2009_laulupidu_1024-300x98.jpg 300w\" sizes=\"auto, (max-width: 1024px) 100vw, 1024px\" \/><\/p>\n<p><a name=\"en\"><\/a><\/p>\n<hr \/>\n<h2>About the Choir<\/h2>\n<p><a href=\"#et\">Eesti keeles<\/a><\/p>\n<p>After successful participation in the Song Festival in Tallinn 2004 a\u00a0<a href=\"http:\/\/www.eestikoor.de\" target=\"_blank\" rel=\"noopener noreferrer\">mixed choir of Estonians in Germany<\/a>\u00a0(founded in 2003) invited all\u00a0Estonians living in Europe to form the united choir of Estonians in Europe.<\/p>\n<p>The\u00a0<b>European Choir of Estonians <\/b>was founded in July, 2007 in Sangaste, Estonia.<\/p>\n<p>The <b>main objectives<\/b> of the choir are as follows:<\/p>\n<ul>\n<li>to unite expatriate Estonians via common interests and activities<\/li>\n<li>to offer Estonians the opportunity of participating in different Estonian culture events outside Estonia (incl. ESTO) and the Song Festivals in Tallinn<\/li>\n<li>to introduce Estonian culture to other European countries<\/li>\n<li>to raise awareness about the activities of expatriate Estonians within Estonia<\/li>\n<\/ul>\n<p><a href=\"http:\/\/www.eestikoor.eu\/wordpress.public\/wp-content\/uploads\/2013\/11\/annaberg_640.jpg\"><img loading=\"lazy\" decoding=\"async\" class=\"size-medium wp-image-141 alignright\" src=\"http:\/\/www.eestikoor.eu\/wordpress.public\/wp-content\/uploads\/2013\/11\/annaberg_640-300x199.jpg\" alt=\"annaberg_640\" width=\"300\" height=\"199\" srcset=\"https:\/\/eestikoor.eu\/wordpress.public\/wp-content\/uploads\/2013\/11\/annaberg_640-300x199.jpg 300w, https:\/\/eestikoor.eu\/wordpress.public\/wp-content\/uploads\/2013\/11\/annaberg_640.jpg 640w\" sizes=\"auto, (max-width: 300px) 100vw, 300px\" \/><\/a>The choir members meet at <b>workshops<\/b>:<\/p>\n<ul>\n<li>traditionally two weekend workshops: one in the last week in January and another in the second half of October, one of them (sometimes both) at <a href=\"http:\/\/www.haus-annaberg.de\/\" target=\"_blank\" rel=\"noopener noreferrer\">Haus Annaberg<\/a> near Bonn, Germany<\/li>\n<li>a 4-5 day summer workshop in Estonia (except in Song Festival years, when there is no separate summer event)<\/li>\n<li>apart from these, there are also other smaller gatherings and performances<\/li>\n<li>choir members must be prepared to rehearse independently from sheet music or recordings<\/li>\n<\/ul>\n<p><a href=\"http:\/\/www.eestikoor.eu\/wordpress.public\/wp-content\/uploads\/2013\/11\/laager_640.jpg\"><img loading=\"lazy\" decoding=\"async\" class=\"size-medium wp-image-293 alignleft\" src=\"http:\/\/www.eestikoor.eu\/wordpress.public\/wp-content\/uploads\/2013\/11\/laager_640-300x199.jpg\" alt=\"laager_640\" width=\"300\" height=\"199\" srcset=\"https:\/\/eestikoor.eu\/wordpress.public\/wp-content\/uploads\/2013\/11\/laager_640-300x199.jpg 300w, https:\/\/eestikoor.eu\/wordpress.public\/wp-content\/uploads\/2013\/11\/laager_640.jpg 640w\" sizes=\"auto, (max-width: 300px) 100vw, 300px\" \/><\/a>In addition to Germany and Estonia, the singing workshops have been organised in Belgium, Luxembourg, England, the Czech Republic, Sweden and Canada.<\/p>\n<p><b>Membership<\/b> has steadily grown &#8211; during the first six years nearly 200 singers in total have participated in the different lineups of the choir. In 2009,\u00a0100 singers participated in\u00a0the 25th Song Festival in Tallinn. 110 people\u00a0sang under our flag during\u00a0the 26th Song Festival in 2014, plus some of our singers who took part in the festival as members of other choirs and dance collectives.<\/p>\n<p>The singers come from various European countries: Austria, Belgium, Estonia, Finland, France, Germany, Luxembourg, the Netherlands, Spain, Sweden, Switzerland, the UK (incl England, Scotland and Wales).<\/p>\n<p><img loading=\"lazy\" decoding=\"async\" class=\"alignnone size-large wp-image-464\" src=\"http:\/\/www.eestikoor.eu\/wordpress.public\/wp-content\/uploads\/2014\/09\/eukoor_laulupidu_2014-1024x508.jpg\" alt=\"eukoor_laulupidu_2014\" width=\"604\" height=\"299\" srcset=\"https:\/\/eestikoor.eu\/wordpress.public\/wp-content\/uploads\/2014\/09\/eukoor_laulupidu_2014-1024x508.jpg 1024w, https:\/\/eestikoor.eu\/wordpress.public\/wp-content\/uploads\/2014\/09\/eukoor_laulupidu_2014-300x148.jpg 300w\" sizes=\"auto, (max-width: 604px) 100vw, 604px\" \/><\/p>\n<p>The European Choir of Estonians has strong links with the Belgian Estonian Choir BEENE, the Estonian mixed choir in Finland\u00a0<a href=\"http:\/\/www.siller.fi\/\" target=\"_blank\" rel=\"noopener noreferrer\">&#8220;Siller&#8221;<\/a>\u00a0and the\u00a0<a href=\"http:\/\/www.eestihaal.co.uk\/est_index\" target=\"_blank\" rel=\"noopener noreferrer\">Association of Estonians in Great Britain<\/a>, the <a href=\"http:\/\/www.kul.ee\/\" target=\"_blank\" rel=\"noopener noreferrer\">Ministry for Culture in Estonia<\/a>, the Estonian press and Estonian organisations all over the world.<\/p>\n","protected":false},"excerpt":{"rendered":"<p>In English Euroopa Eestlaste Koori eelk\u00e4ijaks 2003. aastal asutatud Saksamaa eestlaste segakoor &#8211;\u00a0E\u00dcSLi projektikoor, kes p\u00e4rast edukat osalemist 2004. aasta \u00fcldlaulupeol kutsus Euroopa eestlasi \u00fcleeuroopaliseks kollektiiviks \u00fchinema. Euroopa Eestlaste Koor\u00a0asutati 2007. aasta juulikuus Sangastes. Koori eesm\u00e4rkideks\u00a0on: \u00fchendada v\u00e4ljaspool Eestit elavaid eestlasi \u00fchiste huvide ja \u00fchise tegevuse kaudu pakkuda eestlastele v\u00f5imalust \u00fchise koorina osa v\u00f5tta erinevatest &hellip; <a href=\"https:\/\/eestikoor.eu\/wordpress.public\/koor\" class=\"more-link\">Loe edasi <span class=\"screen-reader-text\">Koori tutvustus<\/span> <span class=\"meta-nav\">&rarr;<\/span><\/a><\/p>\n","protected":false},"author":1,"featured_media":0,"parent":0,"menu_order":0,"comment_status":"closed","ping_status":"open","template":"","meta":{"footnotes":""},"class_list":["post-12","page","type-page","status-publish","hentry"],"_links":{"self":[{"href":"https:\/\/eestikoor.eu\/wordpress.public\/wp-json\/wp\/v2\/pages\/12","targetHints":{"allow":["GET"]}}],"collection":[{"href":"https:\/\/eestikoor.eu\/wordpress.public\/wp-json\/wp\/v2\/pages"}],"about":[{"href":"https:\/\/eestikoor.eu\/wordpress.public\/wp-json\/wp\/v2\/types\/page"}],"author":[{"embeddable":true,"href":"https:\/\/eestikoor.eu\/wordpress.public\/wp-json\/wp\/v2\/users\/1"}],"replies":[{"embeddable":true,"href":"https:\/\/eestikoor.eu\/wordpress.public\/wp-json\/wp\/v2\/comments?post=12"}],"version-history":[{"count":66,"href":"https:\/\/eestikoor.eu\/wordpress.public\/wp-json\/wp\/v2\/pages\/12\/revisions"}],"predecessor-version":[{"id":1142,"href":"https:\/\/eestikoor.eu\/wordpress.public\/wp-json\/wp\/v2\/pages\/12\/revisions\/1142"}],"wp:attachment":[{"href":"https:\/\/eestikoor.eu\/wordpress.public\/wp-json\/wp\/v2\/media?parent=12"}],"curies":[{"name":"wp","href":"https:\/\/api.w.org\/{rel}","templated":true}]}}