{"id":15,"date":"2013-10-30T18:20:32","date_gmt":"2013-10-30T18:20:32","guid":{"rendered":"http:\/\/www.eestikoor.eu\/wordpress.public\/?page_id=15"},"modified":"2026-01-19T14:19:53","modified_gmt":"2026-01-19T13:19:53","slug":"kontakt","status":"publish","type":"page","link":"https:\/\/eestikoor.eu\/wordpress.public\/kontakt","title":{"rendered":"Kontakt \/ Contact"},"content":{"rendered":"<h5>On sul k\u00fcsimusi koori kohta? \/ Questions about the choir?<\/h5>\n<ul>\n<li><a href=\"\/wordpress.public\/?page_id=616\">Saada teade \/ Send a message<\/a> v\u00f5i kirjuta \/ or mail to:\u00a0<em><a href=\"mailto:info@eestikoor.eu\">info@eestikoor.eu<\/a><\/em><\/li>\n<\/ul>\n<h5>Liikmelisus \/ Membership<\/h5>\n<ul>\n<li>Hetkel on segakooris naish\u00e4\u00e4li \u00fclekaalukalt rohkem kui meesh\u00e4\u00e4li, seega v\u00f5tame vastu vaid kogenud <strong>tenoreid, baritone ja basse<\/strong>. Palume saata kiri <em><a href=\"mailto:info@eestikoor.eu\">info@eestikoor.eu<\/a><\/em><br \/>\n\/ Right now we have overwhelmingly more female than male singers, thus we will only accept applications from experienced <strong>tenors, baritones and basses<\/strong>. Please write to <em><a href=\"mailto:info@eestikoor.eu\">info@eestikoor.eu<\/a><\/em><\/li>\n<li style=\"list-style-type: none;\"><\/li>\n<li>Liikmemaks aastal 2026 on <strong>50\u20ac<\/strong>, noortele lauljatele ja \u00fcli\u00f5pilastele kuni 25a <strong>30\u20ac<\/strong><br \/>\n\/ Membership fee for year 2026 is<strong> 50\u20ac<\/strong>, for students up to age 25 the fee is<strong> 30\u20ac<\/strong><\/li>\n<\/ul>\n<h5>Juhatus \/ Committee<\/h5>\n<ul>\n<li><b>Mare Rahkema<\/b>,\u00a0<em><a href=\"mailto:mare@eestikoor.eu\">mare@eestikoor.eu<\/a><\/em><\/li>\n<li><strong>Anneli Aken<\/strong>,\u00a0<em><a href=\"mailto:anneli@eestikoor.eu\">anneli@eestikoor.eu<\/a><\/em><\/li>\n<\/ul>\n<h5>Dirigendid \/ Conductors<\/h5>\n<ul>\n<li><b>Kalev Lindal<\/b><\/li>\n<li><b>Elo Tammsalu-Schmitz<\/b><\/li>\n<\/ul>\n<h5>Pangaarved \/ Bank accounts<\/h5>\n<p style=\"padding-left: 30px;\"><strong>ARTEESIA\/SEGAKOOR<br \/>\n<\/strong>21, rue du Bois L-4419 Belvaux, Luksemburg<br \/>\nPank \/ Bank:\u00a0<strong>BCEE<br \/>\n<\/strong>Konto \/ Account (IBAN):\u00a0<strong>LU45 0019 4255 1734 4000<br \/>\n<\/strong>BIC\/SWIFT:\u00a0<strong>BCEELULL<br \/>\n<\/strong>Makse selgitus \/ Concept:<br \/>\n<strong>EES- JA PEREKONNANIMI, MILLE EEST\u00a0<\/strong><strong>\/ YOUR FIRST AND LAST NAME, REASON<br \/>\n<\/strong>(makstes mitme eest katsuge mahutada selgitusse k\u00f5ik nimed ja mille eest<br \/>\n\/ when paying for several persons try to accommodate all the names and the reason)<\/p>\n<h5>Koduleht \/ Webpage<\/h5>\n<ul>\n<li><b>Administraator<\/b>, <em><a href=\"mailto:admin@eestikoor.eu\">admin@eestikoor.eu<\/a><\/em><\/li>\n<\/ul>\n","protected":false},"excerpt":{"rendered":"<p>On sul k\u00fcsimusi koori kohta? \/ Questions about the choir? Saada teade \/ Send a message v\u00f5i kirjuta \/ or mail to:\u00a0info@eestikoor.eu Liikmelisus \/ Membership Hetkel on segakooris naish\u00e4\u00e4li \u00fclekaalukalt rohkem kui meesh\u00e4\u00e4li, seega v\u00f5tame vastu vaid kogenud tenoreid, baritone ja basse. Palume saata kiri info@eestikoor.eu \/ Right now we have overwhelmingly more female than &hellip; <a href=\"https:\/\/eestikoor.eu\/wordpress.public\/kontakt\" class=\"more-link\">Loe edasi <span class=\"screen-reader-text\">Kontakt \/ Contact<\/span> <span class=\"meta-nav\">&rarr;<\/span><\/a><\/p>\n","protected":false},"author":1,"featured_media":0,"parent":0,"menu_order":0,"comment_status":"closed","ping_status":"open","template":"","meta":{"footnotes":""},"class_list":["post-15","page","type-page","status-publish","hentry"],"_links":{"self":[{"href":"https:\/\/eestikoor.eu\/wordpress.public\/wp-json\/wp\/v2\/pages\/15","targetHints":{"allow":["GET"]}}],"collection":[{"href":"https:\/\/eestikoor.eu\/wordpress.public\/wp-json\/wp\/v2\/pages"}],"about":[{"href":"https:\/\/eestikoor.eu\/wordpress.public\/wp-json\/wp\/v2\/types\/page"}],"author":[{"embeddable":true,"href":"https:\/\/eestikoor.eu\/wordpress.public\/wp-json\/wp\/v2\/users\/1"}],"replies":[{"embeddable":true,"href":"https:\/\/eestikoor.eu\/wordpress.public\/wp-json\/wp\/v2\/comments?post=15"}],"version-history":[{"count":92,"href":"https:\/\/eestikoor.eu\/wordpress.public\/wp-json\/wp\/v2\/pages\/15\/revisions"}],"predecessor-version":[{"id":1535,"href":"https:\/\/eestikoor.eu\/wordpress.public\/wp-json\/wp\/v2\/pages\/15\/revisions\/1535"}],"wp:attachment":[{"href":"https:\/\/eestikoor.eu\/wordpress.public\/wp-json\/wp\/v2\/media?parent=15"}],"curies":[{"name":"wp","href":"https:\/\/api.w.org\/{rel}","templated":true}]}}