{"id":2,"date":"2013-10-30T17:50:44","date_gmt":"2013-10-30T17:50:44","guid":{"rendered":"http:\/\/www.eestikoor.eu\/wordpress.public\/?page_id=2"},"modified":"2020-02-13T14:39:51","modified_gmt":"2020-02-13T13:39:51","slug":"sample-page","status":"publish","type":"page","link":"https:\/\/eestikoor.eu\/wordpress.public\/","title":{"rendered":"Tere tulemast Euroopa Eestlaste Koori kodulehele!"},"content":{"rendered":"<p><a name=\"et\"><\/a> <a href=\"#en\">In English<\/a><\/p>\n<p><a href=\"http:\/\/www.eestikoor.eu\/wordpress.public\/wp-content\/uploads\/2014\/11\/2014-EEK-Laulupidu-panoraam.jpg\"><img loading=\"lazy\" decoding=\"async\" class=\"alignnone size-large wp-image-606\" src=\"http:\/\/www.eestikoor.eu\/wordpress.public\/wp-content\/uploads\/2014\/11\/2014-EEK-Laulupidu-panoraam-1024x335.jpg\" alt=\"2014 EEK Laulupidu panoraam\" width=\"604\" height=\"197\" srcset=\"https:\/\/eestikoor.eu\/wordpress.public\/wp-content\/uploads\/2014\/11\/2014-EEK-Laulupidu-panoraam-1024x335.jpg 1024w, https:\/\/eestikoor.eu\/wordpress.public\/wp-content\/uploads\/2014\/11\/2014-EEK-Laulupidu-panoraam-300x98.jpg 300w\" sizes=\"auto, (max-width: 604px) 100vw, 604px\" \/><\/a><\/p>\n<p>Laulmine on eestlaste puhul \u00fcks fantastiline fenomen. Iga muusikaga l\u00e4hemalt seotud eestlane saab v\u00e4lismaalt vaadates vaid kiita Eesti koolis\u00fcsteemi, kus laulutunnid ikka veel au sees. Pea iga last on v\u00f5imalik nooti lugema ja laulma \u00f5petada. Eestis tegeletakse sellega t\u00f5siselt, aga n\u00e4iteks Saksamaal v\u00e4ga v\u00e4he v\u00f5i \u00fcldse mitte.<\/p>\n<p style=\"text-align: left;\"><a href=\"http:\/\/www.laulupidu.ee\" target=\"_blank\" rel=\"noopener noreferrer\">Laulupeod&#8230;<\/a> See tunne, see k\u00f5la, see meeleolu \u2013 see on lihtsalt v\u00f5imas! Kes seda kogenud pole, on elus millestki ilusast ilma j\u00e4\u00e4nud. Olen vist k\u00fcll vaid \u00fchte eestlast kohanud, kes \u00fctles, et eelistab laulukaare all laulmisele publiku hulgas olla.<\/p>\n<p><a href=\"http:\/\/www.eestikoor.eu\/wordpress.public\/wp-content\/uploads\/2013\/10\/laulukaar_eha_640.jpg\"><img loading=\"lazy\" decoding=\"async\" class=\"size-medium wp-image-81 alignright\" src=\"http:\/\/www.eestikoor.eu\/wordpress.public\/wp-content\/uploads\/2013\/10\/laulukaar_eha_640-300x199.jpg\" alt=\"laulukaar_eha_640\" width=\"300\" height=\"199\" srcset=\"https:\/\/eestikoor.eu\/wordpress.public\/wp-content\/uploads\/2013\/10\/laulukaar_eha_640-300x199.jpg 300w, https:\/\/eestikoor.eu\/wordpress.public\/wp-content\/uploads\/2013\/10\/laulukaar_eha_640.jpg 640w\" sizes=\"auto, (max-width: 300px) 100vw, 300px\" \/><\/a>Teadvustasin eestlaseks olemise enesele palju selgemalt siis, kui Saksamaale elama sattusin. Tahan, et mu laps ka edaspidi eesti keelt r\u00e4\u00e4giks, tahan Eesti asjadega kursis olla ja tahan laulupeole! Maailm on nii v\u00e4ike, vahet pole, kus elada!<\/p>\n<p>Oma tegemistega tahab Euroopa Eestlaste Koor tutvustada Eestit ja Eesti kultuuri ning k\u00f5ike, mida on selle v\u00e4ikese rahva juures v\u00e4\u00e4rtuslikku.<\/p>\n<p>Parimate tervitustega,<br \/>\n<i><b>Mare Rahkema<\/b><br \/>\nEuroopa Eestlaste Koori president<\/i><\/p>\n<p><a href=\"http:\/\/www.eestikoor.eu\/wordpress.public\/wp-content\/uploads\/2020\/02\/20190706161804-scaled.jpg\"><img loading=\"lazy\" decoding=\"async\" class=\"alignnone size-large wp-image-1137\" src=\"http:\/\/www.eestikoor.eu\/wordpress.public\/wp-content\/uploads\/2020\/02\/20190706161804-1024x768.jpg\" alt=\"\" width=\"604\" height=\"453\" srcset=\"https:\/\/eestikoor.eu\/wordpress.public\/wp-content\/uploads\/2020\/02\/20190706161804-1024x768.jpg 1024w, https:\/\/eestikoor.eu\/wordpress.public\/wp-content\/uploads\/2020\/02\/20190706161804-300x225.jpg 300w, https:\/\/eestikoor.eu\/wordpress.public\/wp-content\/uploads\/2020\/02\/20190706161804-768x576.jpg 768w, https:\/\/eestikoor.eu\/wordpress.public\/wp-content\/uploads\/2020\/02\/20190706161804-1536x1152.jpg 1536w, https:\/\/eestikoor.eu\/wordpress.public\/wp-content\/uploads\/2020\/02\/20190706161804-2048x1536.jpg 2048w\" sizes=\"auto, (max-width: 604px) 100vw, 604px\" \/><\/a><\/p>\n<p><a name=\"en\"><\/a><\/p>\n<hr \/>\n<h2>Welcome to the website of the European Choir of Estonians!<\/h2>\n<p><a href=\"#et\">Eesti keeles<\/a><\/p>\n<p>&nbsp;<\/p>\n<p><a href=\"http:\/\/www.eestikoor.eu\/wordpress.public\/wp-content\/uploads\/2015\/05\/DSC8463.jpeg\"><img loading=\"lazy\" decoding=\"async\" class=\"size-medium wp-image-697 alignleft\" src=\"http:\/\/www.eestikoor.eu\/wordpress.public\/wp-content\/uploads\/2015\/05\/DSC8463-300x200.jpeg\" alt=\"_DSC8463\" width=\"300\" height=\"200\" srcset=\"https:\/\/eestikoor.eu\/wordpress.public\/wp-content\/uploads\/2015\/05\/DSC8463-300x200.jpeg 300w, https:\/\/eestikoor.eu\/wordpress.public\/wp-content\/uploads\/2015\/05\/DSC8463.jpeg 640w\" sizes=\"auto, (max-width: 300px) 100vw, 300px\" \/><\/a>These pages are about who we are and where we come from. Firstly, though, let me tell you about why how and why we got together.<\/p>\n<p>Singing is in the blood of all Estonians. We should be proud of the Estonian school system where singing lessons are still compulsory. It is possible to teach almost any child to read music and to learn singing. This still happens in Estonia, but sadly, it is longer the case in Germany.<\/p>\n<p><a href=\"http:\/\/www.laulupidu.ee\/english\" target=\"_blank\" rel=\"noopener noreferrer\">Estonian Song Festivals&#8230;<\/a> The feeling, the sound and the atmosphere \u2013 it is simply fantastic! It is something you really have to experience for yourself in order to appreciate its significance.\u00a0I have actually met only one Estonian who said that he preferred listening to the Song Festival rather than participating as a singer!<\/p>\n<p><a href=\"http:\/\/www.eestikoor.eu\/wordpress.public\/wp-content\/uploads\/2013\/10\/lauljad_640.jpg\"><img loading=\"lazy\" decoding=\"async\" class=\"size-medium wp-image-80 alignright\" src=\"http:\/\/www.eestikoor.eu\/wordpress.public\/wp-content\/uploads\/2013\/10\/lauljad_640-300x199.jpg\" alt=\"lauljad_640\" width=\"300\" height=\"199\" srcset=\"https:\/\/eestikoor.eu\/wordpress.public\/wp-content\/uploads\/2013\/10\/lauljad_640-300x199.jpg 300w, https:\/\/eestikoor.eu\/wordpress.public\/wp-content\/uploads\/2013\/10\/lauljad_640.jpg 640w\" sizes=\"auto, (max-width: 300px) 100vw, 300px\" \/><\/a>I have gained a much better understanding of what it means to be Estonian since moving to Germany. I want my child to continue speaking Estonian. I want to be up to date with what is going on in Estonia and I want to participate in the Song Festival! The world is small \u2013 it does not actually make much difference where we live!<\/p>\n<p>It is through ourselves and our actions that we represent Estonia and what is important to us!<\/p>\n<p>With best wishes,<br \/>\n<i><b>Mare Rahkema<\/b><br \/>\nPresident of the European Choir of Estonians<\/i><\/p>\n<p><a href=\"http:\/\/www.eestikoor.eu\/wordpress.public\/wp-content\/uploads\/2020\/02\/20190706194445-scaled.jpeg\"><img loading=\"lazy\" decoding=\"async\" class=\"alignnone size-large wp-image-1140\" src=\"http:\/\/www.eestikoor.eu\/wordpress.public\/wp-content\/uploads\/2020\/02\/20190706194445-1024x768.jpeg\" alt=\"\" width=\"604\" height=\"453\" srcset=\"https:\/\/eestikoor.eu\/wordpress.public\/wp-content\/uploads\/2020\/02\/20190706194445-1024x768.jpeg 1024w, https:\/\/eestikoor.eu\/wordpress.public\/wp-content\/uploads\/2020\/02\/20190706194445-300x225.jpeg 300w, https:\/\/eestikoor.eu\/wordpress.public\/wp-content\/uploads\/2020\/02\/20190706194445-768x576.jpeg 768w, https:\/\/eestikoor.eu\/wordpress.public\/wp-content\/uploads\/2020\/02\/20190706194445-1536x1152.jpeg 1536w, https:\/\/eestikoor.eu\/wordpress.public\/wp-content\/uploads\/2020\/02\/20190706194445-2048x1536.jpeg 2048w\" sizes=\"auto, (max-width: 604px) 100vw, 604px\" \/><\/a><\/p>\n<p>&nbsp;<\/p>\n","protected":false},"excerpt":{"rendered":"<p>In English Laulmine on eestlaste puhul \u00fcks fantastiline fenomen. Iga muusikaga l\u00e4hemalt seotud eestlane saab v\u00e4lismaalt vaadates vaid kiita Eesti koolis\u00fcsteemi, kus laulutunnid ikka veel au sees. Pea iga last on v\u00f5imalik nooti lugema ja laulma \u00f5petada. Eestis tegeletakse sellega t\u00f5siselt, aga n\u00e4iteks Saksamaal v\u00e4ga v\u00e4he v\u00f5i \u00fcldse mitte. Laulupeod&#8230; See tunne, see k\u00f5la, see &hellip; <a href=\"https:\/\/eestikoor.eu\/wordpress.public\/\" class=\"more-link\">Loe edasi <span class=\"screen-reader-text\">Tere tulemast Euroopa Eestlaste Koori kodulehele!<\/span> <span class=\"meta-nav\">&rarr;<\/span><\/a><\/p>\n","protected":false},"author":1,"featured_media":0,"parent":0,"menu_order":0,"comment_status":"open","ping_status":"open","template":"","meta":{"footnotes":""},"class_list":["post-2","page","type-page","status-publish","hentry"],"_links":{"self":[{"href":"https:\/\/eestikoor.eu\/wordpress.public\/wp-json\/wp\/v2\/pages\/2","targetHints":{"allow":["GET"]}}],"collection":[{"href":"https:\/\/eestikoor.eu\/wordpress.public\/wp-json\/wp\/v2\/pages"}],"about":[{"href":"https:\/\/eestikoor.eu\/wordpress.public\/wp-json\/wp\/v2\/types\/page"}],"author":[{"embeddable":true,"href":"https:\/\/eestikoor.eu\/wordpress.public\/wp-json\/wp\/v2\/users\/1"}],"replies":[{"embeddable":true,"href":"https:\/\/eestikoor.eu\/wordpress.public\/wp-json\/wp\/v2\/comments?post=2"}],"version-history":[{"count":48,"href":"https:\/\/eestikoor.eu\/wordpress.public\/wp-json\/wp\/v2\/pages\/2\/revisions"}],"predecessor-version":[{"id":1141,"href":"https:\/\/eestikoor.eu\/wordpress.public\/wp-json\/wp\/v2\/pages\/2\/revisions\/1141"}],"wp:attachment":[{"href":"https:\/\/eestikoor.eu\/wordpress.public\/wp-json\/wp\/v2\/media?parent=2"}],"curies":[{"name":"wp","href":"https:\/\/api.w.org\/{rel}","templated":true}]}}