{"id":260,"date":"2013-11-05T11:28:52","date_gmt":"2013-11-05T11:28:52","guid":{"rendered":"http:\/\/www.eestikoor.eu\/wordpress.public\/?page_id=260"},"modified":"2024-07-18T18:17:00","modified_gmt":"2024-07-18T16:17:00","slug":"koorijuhid","status":"publish","type":"page","link":"https:\/\/eestikoor.eu\/wordpress.public\/koorijuhid","title":{"rendered":"Koorijuhid"},"content":{"rendered":"<p><a name=\"et\"><\/a><a href=\"#en\">In English<\/a><\/p>\n<p><a href=\"http:\/\/www.eestikoor.eu\/wordpress.public\/wp-content\/uploads\/2013\/11\/kalev_mare.jpg\"><img loading=\"lazy\" decoding=\"async\" class=\"size-medium wp-image-291 alignleft\" src=\"http:\/\/www.eestikoor.eu\/wordpress.public\/wp-content\/uploads\/2013\/11\/kalev_mare-283x300.jpg\" alt=\"kalev_mare\" width=\"283\" height=\"300\" srcset=\"https:\/\/eestikoor.eu\/wordpress.public\/wp-content\/uploads\/2013\/11\/kalev_mare-283x300.jpg 283w, https:\/\/eestikoor.eu\/wordpress.public\/wp-content\/uploads\/2013\/11\/kalev_mare-966x1024.jpg 966w, https:\/\/eestikoor.eu\/wordpress.public\/wp-content\/uploads\/2013\/11\/kalev_mare.jpg 1180w\" sizes=\"auto, (max-width: 283px) 100vw, 283px\" \/><\/a>Koori president ja \u00fcks asutajatest\u00a0<strong>Mare Rahkema<\/strong>\u00a0elab Saksamaal alates 2000. aastast. Varem Eestis \u00f5petajana t\u00f6\u00f6tanud ning Saksamaal maali ja graafikat \u00f5ppinud Mare juhib ka <a href=\"http:\/\/www.xn--esl-hoa.de\/KERK\/\" target=\"_blank\" rel=\"noopener\">K\u00f6lni eestlaste organisatsiooni (KERK)<\/a>.<\/p>\n<p>Ligi 30-aastase dirigendistaa\u017eiga <strong>Kalev Lindal<\/strong> on juhatanud Euroopa Eestlaste Koori algusest peale. Kalev on asutanud ja juhatanud k\u00fcmneid koore, nende hulgas <a href=\"http:\/\/www.hame.ee\/\" target=\"_blank\" rel=\"noopener\">Haaslava meeskoor<\/a>, <a href=\"http:\/\/www.rahvakultuur.ee\/?f=43&amp;t=149&amp;k=566\" target=\"_blank\" rel=\"noopener\">Kanepi<\/a>, <a href=\"http:\/\/www.pagana.eu\/\" target=\"_blank\" rel=\"noopener\">Pagana<\/a> ja <a href=\"http:\/\/ylenurmekad.onepagefree.com\/\" target=\"_blank\" rel=\"noopener\">\u00dclenurme<\/a> segakoorid, <a href=\"https:\/\/sites.google.com\/a\/varbuse.ee\/varbuse-musika-mois\/motomeestekoor\" target=\"_blank\" rel=\"noopener\">Eesti \u00dchendatud Motomeeste mees- ja segakoorid<\/a>\u00a0ning\u00a0<a href=\"http:\/\/www.rahvakultuur.ee\/?&amp;v=181&amp;k=62204\" target=\"_blank\" rel=\"noopener\">L\u00f5una-Eesti Politseiprefektuuri segakoor<\/a>.<\/p>\n<p>2012. aasta jaanuaris lisandus Euroopa Eestlaste Koori dirigentide perre Saksamaal Aachenis elav laulja, pianist, h\u00e4\u00e4leseadja ja dirigent <strong>Elo Tammsalu-Schmitz<\/strong>.<\/p>\n<p>Kalev ja Elo on olnud suurep\u00e4rane tandem, kes laululaagrite \u00fclipikkadel proovip\u00e4evadel on hoidnud lauljate tuju heas vormis oma terava huumorimeelega, olles seejuures n\u00f5udlikud \u00f5petajad.<\/p>\n<p><a href=\"http:\/\/www.eestikoor.eu\/wordpress.public\/wp-content\/uploads\/2017\/11\/20617074_1483969448363360_2205242403061902617_o.jpg\"><img loading=\"lazy\" decoding=\"async\" class=\"alignnone size-full wp-image-952\" src=\"http:\/\/www.eestikoor.eu\/wordpress.public\/wp-content\/uploads\/2017\/11\/20617074_1483969448363360_2205242403061902617_o.jpg\" alt=\"\" width=\"841\" height=\"1130\" srcset=\"https:\/\/eestikoor.eu\/wordpress.public\/wp-content\/uploads\/2017\/11\/20617074_1483969448363360_2205242403061902617_o.jpg 841w, https:\/\/eestikoor.eu\/wordpress.public\/wp-content\/uploads\/2017\/11\/20617074_1483969448363360_2205242403061902617_o-223x300.jpg 223w, https:\/\/eestikoor.eu\/wordpress.public\/wp-content\/uploads\/2017\/11\/20617074_1483969448363360_2205242403061902617_o-768x1032.jpg 768w, https:\/\/eestikoor.eu\/wordpress.public\/wp-content\/uploads\/2017\/11\/20617074_1483969448363360_2205242403061902617_o-762x1024.jpg 762w\" sizes=\"auto, (max-width: 841px) 100vw, 841px\" \/><\/a><\/p>\n<p><a href=\"http:\/\/www.eestikoor.eu\/wordpress.public\/wp-content\/uploads\/2013\/11\/lauri_breede.jpg\"><img loading=\"lazy\" decoding=\"async\" class=\"size-thumbnail wp-image-279 alignright\" src=\"http:\/\/www.eestikoor.eu\/wordpress.public\/wp-content\/uploads\/2013\/11\/lauri_breede-150x150.jpg\" alt=\"lauri_breede\" width=\"150\" height=\"150\" \/><\/a>Varem on meie kauaaegseks dirigendiks olnud <strong> Lauri Breede<\/strong>, kes \u00f5petab <a href=\"http:\/\/www.tmk.ee\/\" target=\"_blank\" rel=\"noopener\">Heino Elleri nimelises Tartu Muusikakoolis<\/a> dirigeerimist ja h\u00e4\u00e4leseadet, on asutanud ja dirigeerinud arvukaid koore, sh <a href=\"http:\/\/tarbatu.blogspot.com\" target=\"_blank\" rel=\"noopener\">Tarbatu<\/a> ja <a href=\"http:\/\/meeskoor-gaudeamus.blogspot.com\/\" target=\"_blank\" rel=\"noopener\">Gaudeamuse meeskoori<\/a>, segakoori &#8220;<a href=\"http:\/\/www.rahvaylikool.ee\/kursus\/13\/64\" target=\"_blank\" rel=\"noopener\">Hale-Bopp Singers<\/a>&#8220;.<\/p>\n<p><strong><a href=\"http:\/\/www.eestikoor.eu\/wordpress.public\/wp-content\/uploads\/2013\/11\/silver_lumi.jpg\"><img loading=\"lazy\" decoding=\"async\" class=\"size-thumbnail wp-image-280 alignleft\" src=\"http:\/\/www.eestikoor.eu\/wordpress.public\/wp-content\/uploads\/2013\/11\/silver_lumi-150x150.jpg\" alt=\"silver_lumi\" width=\"150\" height=\"150\" \/><\/a>Silver<\/strong> <strong>Lumi<\/strong>\u00a0koost\u00f6\u00f6 Euroopa Eestlaste Kooriga algas<strong>\u00a0<\/strong>2011. aasta kevadel, kui kuuldused <a href=\"http:\/\/www.siller.fi\/\" target=\"_blank\" rel=\"noopener\">Soome eestlaste segakoori &#8220;Siller&#8221;<\/a> uuest andekast dirigendist j\u00f5udsid Euroopa s\u00fcdamesse. Silveril on lauljakogemus ooperi-, muusikali- ja kammerkontserdilavadelt ning ta on t\u00f6\u00f6tanud ka h\u00e4\u00e4leseadjana. Alates 2010. aastast juhendab koos abikaasa Annika Lumiga <a href=\"http:\/\/www.laulustuudio.fi\/Esileht.html\" target=\"_blank\" rel=\"noopener\">Helsingi eesti laste laulustuudiot<\/a>.<\/p>\n<p>Lisaks on laululaagreid juhatanud Belgia eestlaste segakoori BEENE endine dirigent <strong>Kaido Janke<\/strong>, Londoni Eesti Seltsi segakoori ja <a href=\"http:\/\/www.eksperimentaalkoor.co.uk\/\" target=\"_blank\" rel=\"noopener\">Rahvusvahelise Eestlaste Eksperimentaalkoori <\/a>dirigent <strong>Reet Kromel-Williams<\/strong>, <strong>Saidi Tammeorg<\/strong> Eestist ja abidirigendina <strong>Anneli Aken<\/strong> &#8211; eesti laste laulu\u00f5petaja <a href=\"http:\/\/lauluring.wordpress.com\" target=\"_blank\" rel=\"noopener\">Luksemburgis, Br\u00fcsselis ja Strasbourgis<\/a>\u00a0ning Luksemburgi naisansambli <a href=\"http:\/\/lauluring.wordpress.com\/meloodilised-tordid\/\" target=\"_blank\" rel=\"noopener\">&#8220;Meloodilised tordid&#8221;<\/a> juhendaja.<\/p>\n<p>Koori kontsertmeister on <strong>Aita Sibul<\/strong>, kes t\u00f6\u00f6tab Saksamaal klaveri\u00f5petajana.<\/p>\n<p><a href=\"http:\/\/www.eestikoor.eu\/wordpress.public\/wp-content\/uploads\/2013\/11\/koorijuhid_640.jpg\"><img loading=\"lazy\" decoding=\"async\" class=\"alignnone size-full wp-image-285\" src=\"http:\/\/www.eestikoor.eu\/wordpress.public\/wp-content\/uploads\/2013\/11\/koorijuhid_640.jpg\" alt=\"koorijuhid_640\" width=\"640\" height=\"428\" srcset=\"https:\/\/eestikoor.eu\/wordpress.public\/wp-content\/uploads\/2013\/11\/koorijuhid_640.jpg 640w, https:\/\/eestikoor.eu\/wordpress.public\/wp-content\/uploads\/2013\/11\/koorijuhid_640-300x200.jpg 300w\" sizes=\"auto, (max-width: 640px) 100vw, 640px\" \/><\/a><\/p>\n<p><a name=\"en\"><\/a><\/p>\n<hr \/>\n<h2>Conductors<\/h2>\n<p><a href=\"#et\">Eesti keeles<\/a><\/p>\n<p><strong>Mare Rahkema<\/strong>, the president of the choir and one of its founding members, has lived in\u00a0Germany since the year 2000. Mare, who worked as a school teacher in Estonia and\u00a0has studied art and graphic design in Germany, is also the chairperson of the <a href=\"http:\/\/www.xn--esl-hoa.de\/KERK\/\" target=\"_blank\" rel=\"noopener\">Estonian\u00a0Association in Cologne (KERK)<\/a>.<\/p>\n<p><a href=\"http:\/\/www.eestikoor.eu\/wordpress.public\/wp-content\/uploads\/2013\/11\/kalev_lindal.jpg\"><img loading=\"lazy\" decoding=\"async\" class=\"size-thumbnail wp-image-278 alignright\" src=\"http:\/\/www.eestikoor.eu\/wordpress.public\/wp-content\/uploads\/2013\/11\/kalev_lindal-150x150.jpg\" alt=\"kalev_lindal\" width=\"150\" height=\"150\" \/><\/a><strong>Kalev Lindal<\/strong> has almost 30 years of experience as a conductor and has\u00a0led the European Choir of Estonians from its beginning. Kalev has established numerous vocal groups and choirs in Estonia including the <a href=\"http:\/\/www.hame.ee\/\" target=\"_blank\" rel=\"noopener\">Haaslava men\u2019s choir<\/a>, the <a href=\"http:\/\/www.rahvakultuur.ee\/?f=43&amp;t=149&amp;k=566\" target=\"_blank\" rel=\"noopener\">Kanepi<\/a>, <a href=\"http:\/\/www.pagana.eu\/\" target=\"_blank\" rel=\"noopener\">Pagana<\/a>\u00a0and <a href=\"http:\/\/ylenurmekad.onepagefree.com\/\" target=\"_blank\" rel=\"noopener\">\u00dclenurme<\/a> mixed choirs, the <a href=\"https:\/\/sites.google.com\/a\/varbuse.ee\/varbuse-musika-mois\/motomeestekoor\" target=\"_blank\" rel=\"noopener\">United Estonian Motomen men&#8217;s and mixed choirs<\/a>, as well as the\u00a0<a href=\"http:\/\/www.rahvakultuur.ee\/?&amp;v=181&amp;k=62204\" target=\"_blank\" rel=\"noopener\">South Estonia Police Choir<\/a>.<\/p>\n<p>In January of 2012, <strong>Elo Tammsalu-Schmitz<\/strong>, who is a singer, pianist, voice coach and conductor living in Aachen, Germany also became a conductor of the European Choir of Estonians.<\/p>\n<p><a href=\"http:\/\/www.eestikoor.eu\/wordpress.public\/wp-content\/uploads\/2017\/11\/16716246_1435337966541667_150110233180768982_o.jpg\"><img loading=\"lazy\" decoding=\"async\" class=\"alignnone size-full wp-image-953\" src=\"http:\/\/www.eestikoor.eu\/wordpress.public\/wp-content\/uploads\/2017\/11\/16716246_1435337966541667_150110233180768982_o.jpg\" alt=\"\" width=\"1418\" height=\"1063\" srcset=\"https:\/\/eestikoor.eu\/wordpress.public\/wp-content\/uploads\/2017\/11\/16716246_1435337966541667_150110233180768982_o.jpg 1418w, https:\/\/eestikoor.eu\/wordpress.public\/wp-content\/uploads\/2017\/11\/16716246_1435337966541667_150110233180768982_o-300x225.jpg 300w, https:\/\/eestikoor.eu\/wordpress.public\/wp-content\/uploads\/2017\/11\/16716246_1435337966541667_150110233180768982_o-768x576.jpg 768w, https:\/\/eestikoor.eu\/wordpress.public\/wp-content\/uploads\/2017\/11\/16716246_1435337966541667_150110233180768982_o-1024x768.jpg 1024w\" sizes=\"auto, (max-width: 1418px) 100vw, 1418px\" \/><\/a><\/p>\n<p>Kalev and Elo have been a great double act, always keeping up the spirits of the singers during long rehearsals with their keen sense of humour, whilst at the same time demanding nothing but the best from the singers.<\/p>\n<p>Our former longstanding conductor, <strong>Lauri Breede<\/strong>, teaches voice and\u00a0conducting at the <a href=\"http:\/\/www.tmk.ee\/\" target=\"_blank\" rel=\"noopener\">Heino Eller Music School<\/a> in Tartu. He has also established and\u00a0conducted many choirs in Estonia including the <a href=\"http:\/\/tarbatu.blogspot.com\" target=\"_blank\" rel=\"noopener\">Tarbatu<\/a> and <a href=\"http:\/\/meeskoor-gaudeamus.blogspot.com\/\" target=\"_blank\" rel=\"noopener\">Gaudeamus<\/a> men\u2019s choirs and\u00a0the <a href=\"http:\/\/www.rahvaylikool.ee\/kursus\/13\/64\" target=\"_blank\" rel=\"noopener\">\u2018Hale-Bopp Singers\u2019<\/a> mixed choir.<\/p>\n<p><strong><a href=\"http:\/\/www.eestikoor.eu\/wordpress.public\/wp-content\/uploads\/2013\/11\/koorijuhid_uuem_640.jpg\"><img loading=\"lazy\" decoding=\"async\" class=\"size-medium wp-image-372 alignleft\" src=\"http:\/\/www.eestikoor.eu\/wordpress.public\/wp-content\/uploads\/2013\/11\/koorijuhid_uuem_640-300x239.jpg\" alt=\"koorijuhid_uuem_640\" width=\"300\" height=\"239\" srcset=\"https:\/\/eestikoor.eu\/wordpress.public\/wp-content\/uploads\/2013\/11\/koorijuhid_uuem_640-300x239.jpg 300w, https:\/\/eestikoor.eu\/wordpress.public\/wp-content\/uploads\/2013\/11\/koorijuhid_uuem_640.jpg 488w\" sizes=\"auto, (max-width: 300px) 100vw, 300px\" \/><\/a>Silver Lumi<\/strong>\u2019s collaboration with the European Choir of Estonians began in the spring of 2011 when rumours about the gifted new young conductor of the Estonian choir in Finland <a href=\"http:\/\/www.siller.fi\/\" target=\"_blank\" rel=\"noopener\">\u2018Siller\u2019<\/a> reached the heart of Europe. Silver has experience of opera, musicals and chamber concerts and he has also worked as a voice coach. Since 2010 he has been running the <a href=\"http:\/\/www.laulustuudio.fi\/Esileht.html\" target=\"_blank\" rel=\"noopener\">Helsinki Estonian Children\u2019s Singing Studio<\/a> together with his wife, Annika Lumi.<\/p>\n<p>Other conductors who have led the choir during the various workshops include <strong>Kaido Janke<\/strong>, former conductor of the Belgian Estonian Mixed Choir \u2018BEENE\u2019, <strong>Reet Kromel<\/strong>, conductor of the <a href=\"http:\/\/www.eksperimentaalkoor.co.uk\/\" target=\"_blank\" rel=\"noopener\">REE (International Estonian Experimental) Choir<\/a> and <strong>Saidi Tammeorg<\/strong> from Estonia, also <strong>Anneli Aken<\/strong>\u00a0as an assistant conductor, <a href=\"http:\/\/lauluring.wordpress.com\" target=\"_blank\" rel=\"noopener\">Estonian children\u2019s singing teacher in Luxembourg, Strasbourg and Brussels<\/a>\u00a0and\u00a0the leader of the Estonian ladies\u2019 ensemble\u00a0<a href=\"http:\/\/lauluring.wordpress.com\/meloodilised-tordid\/\" target=\"_blank\" rel=\"noopener\">\u2018Meloodilised tordid\u2019<\/a> in Luxembourg.<\/p>\n<p>The concertmaster of the choir is <strong>Aita Sibul<\/strong> who works in Germany as a piano teacher.<\/p>\n","protected":false},"excerpt":{"rendered":"<p>In English Koori president ja \u00fcks asutajatest\u00a0Mare Rahkema\u00a0elab Saksamaal alates 2000. aastast. Varem Eestis \u00f5petajana t\u00f6\u00f6tanud ning Saksamaal maali ja graafikat \u00f5ppinud Mare juhib ka K\u00f6lni eestlaste organisatsiooni (KERK). Ligi 30-aastase dirigendistaa\u017eiga Kalev Lindal on juhatanud Euroopa Eestlaste Koori algusest peale. Kalev on asutanud ja juhatanud k\u00fcmneid koore, nende hulgas Haaslava meeskoor, Kanepi, Pagana ja &hellip; <a href=\"https:\/\/eestikoor.eu\/wordpress.public\/koorijuhid\" class=\"more-link\">Loe edasi <span class=\"screen-reader-text\">Koorijuhid<\/span> <span class=\"meta-nav\">&rarr;<\/span><\/a><\/p>\n","protected":false},"author":1,"featured_media":0,"parent":0,"menu_order":0,"comment_status":"closed","ping_status":"open","template":"","meta":{"footnotes":""},"class_list":["post-260","page","type-page","status-publish","hentry"],"_links":{"self":[{"href":"https:\/\/eestikoor.eu\/wordpress.public\/wp-json\/wp\/v2\/pages\/260","targetHints":{"allow":["GET"]}}],"collection":[{"href":"https:\/\/eestikoor.eu\/wordpress.public\/wp-json\/wp\/v2\/pages"}],"about":[{"href":"https:\/\/eestikoor.eu\/wordpress.public\/wp-json\/wp\/v2\/types\/page"}],"author":[{"embeddable":true,"href":"https:\/\/eestikoor.eu\/wordpress.public\/wp-json\/wp\/v2\/users\/1"}],"replies":[{"embeddable":true,"href":"https:\/\/eestikoor.eu\/wordpress.public\/wp-json\/wp\/v2\/comments?post=260"}],"version-history":[{"count":37,"href":"https:\/\/eestikoor.eu\/wordpress.public\/wp-json\/wp\/v2\/pages\/260\/revisions"}],"predecessor-version":[{"id":958,"href":"https:\/\/eestikoor.eu\/wordpress.public\/wp-json\/wp\/v2\/pages\/260\/revisions\/958"}],"wp:attachment":[{"href":"https:\/\/eestikoor.eu\/wordpress.public\/wp-json\/wp\/v2\/media?parent=260"}],"curies":[{"name":"wp","href":"https:\/\/api.w.org\/{rel}","templated":true}]}}